{"id":555,"date":"2021-03-27T04:20:35","date_gmt":"2021-03-27T04:20:35","guid":{"rendered":"https:\/\/orhanarik.com\/index.php\/home\/"},"modified":"2024-02-06T15:10:48","modified_gmt":"2024-02-06T12:10:48","slug":"home","status":"publish","type":"page","link":"https:\/\/orhanarik.com\/","title":{"rendered":"Anasayfa"},"content":{"rendered":"\n<div class=\"wp-block-cover alignfull is-light\" style=\"min-height:720px\"><span aria-hidden=\"true\" class=\"wp-block-cover__background has-background-dim-100 has-background-dim has-background-gradient\" style=\"background:linear-gradient(35deg,rgb(6,0,151) 0%,rgb(130,4,255) 73%,rgb(193,15,255) 100%)\"><\/span><div class=\"wp-block-cover__inner-container is-layout-flow wp-block-cover-is-layout-flow\">\n<div class=\"inherit-container-width wp-block-group alignwide is-layout-constrained wp-block-group-is-layout-constrained\">\n<div class=\"wp-block-media-text alignwide has-media-on-the-right is-stacked-on-mobile is-vertically-aligned-center\" style=\"grid-template-columns:auto 43%\"><div class=\"wp-block-media-text__content\">\n<h1 class=\"wp-block-heading has-text-align-left has-white-color has-text-color\">Plan de\u011fi\u015fir ama hedef asla<\/h1>\n\n\n\n<p>Hedefleriniz hedefimiz olsun.<\/p>\n\n\n\n<div class=\"wp-block-buttons alignwide is-layout-flex wp-block-buttons-is-layout-flex\">\n<div class=\"wp-block-button\"><a class=\"wp-block-button__link wp-element-button\" href=\"#\">\u0130leti\u015fim<\/a><\/div>\n<\/div>\n<\/div><figure class=\"wp-block-media-text__media\"><img decoding=\"async\" src=\"https:\/\/orhanarik.com\/wp-content\/uploads\/2022\/11\/hero-img.svg\" alt=\"\" class=\"wp-image-118 size-full\"\/><\/figure><\/div>\n<\/div>\n<\/div><\/div>\n\n\n\n<div class=\"wp-block-group alignfull has-ast-global-color-5-background-color has-background is-layout-constrained wp-container-core-group-layout-3 wp-block-group-is-layout-constrained\" id=\"about\" style=\"padding-top:143px;padding-bottom:144px\">\n<div class=\"wp-block-media-text has-media-on-the-right is-stacked-on-mobile is-vertically-aligned-center\"><div class=\"wp-block-media-text__content\">\n<div class=\"inherit-container-width wp-block-group is-layout-constrained wp-block-group-is-layout-constrained\">\n<h2 class=\"wp-block-heading\" style=\"padding-right:40px\">Merhaba<\/h2>\n\n\n\n<p>Kreatif Yaz\u0131l\u0131m web tabanl\u0131 tasar\u0131m ve yaz\u0131l\u0131m at\u00f6lyesidir.<\/p>\n\n\n\n<p>\u015eirketler, startuplar ve giri\u015fimciler i\u00e7in kurumsal, \u00f6zg\u00fcn web siteleri, web yaz\u0131l\u0131mlar\u0131 ve y\u00fcksek kaliteli grafik tasar\u0131mlar\u0131n\u0131 uygun fiyatl\u0131 olarak \u00fcretir.<\/p>\n<\/div>\n<\/div><figure class=\"wp-block-media-text__media\"><img loading=\"lazy\" decoding=\"async\" width=\"600\" height=\"480\" src=\"https:\/\/orhanarik.com\/wp-content\/uploads\/2022\/11\/about-us.jpg\" alt=\"\" class=\"wp-image-554 size-full\" srcset=\"https:\/\/orhanarik.com\/wp-content\/uploads\/2022\/11\/about-us.jpg 600w, https:\/\/orhanarik.com\/wp-content\/uploads\/2022\/11\/about-us-300x240.jpg 300w\" sizes=\"(max-width: 600px) 100vw, 600px\" \/><\/figure><\/div>\n<\/div>\n\n\n\n<div class=\"wp-block-group alignfull has-background is-layout-constrained wp-container-core-group-layout-4 wp-block-group-is-layout-constrained\" id=\"contact\" style=\"background:linear-gradient(35deg,rgb(6,0,151) 0%,rgb(130,4,255) 64%,rgb(193,15,255) 98%);padding-top:104px;padding-bottom:104px\">\n<h2 class=\"wp-block-heading has-text-align-center has-text-color\" style=\"color:#ffffff\">Bug\u00fcn profesyonel bir web sitesi edinin!<\/h2>\n\n\n\n<div class=\"wp-block-buttons alignwide is-horizontal is-content-justification-center is-layout-flex wp-container-core-buttons-layout-2 wp-block-buttons-is-layout-flex\" style=\"margin-top:50px\">\n<div class=\"wp-block-button\"><a class=\"wp-block-button__link wp-element-button\">Hadi Ba\u015flayal\u0131m<\/a><\/div>\n<\/div>\n<\/div>\n\n\n\n<div class=\"wp-block-group alignfull has-ast-global-color-5-background-color has-background is-layout-constrained wp-container-core-group-layout-5 wp-block-group-is-layout-constrained\" style=\"padding-bottom:0px\">\n<h2 class=\"wp-block-heading has-text-align-center\" style=\"margin-top:var(--wp--preset--spacing--60);margin-bottom:var(--wp--preset--spacing--60)\">Nas\u0131l \u00c7al\u0131\u015f\u0131yoruz<\/h2>\n\n\n\n<p class=\"has-text-align-center\">S\u00fcre\u00e7lerimiz nas\u0131l i\u015fliyor<\/p>\n\n\n\n<div class=\"wp-block-columns are-vertically-aligned-top is-layout-flex wp-container-core-columns-layout-1 wp-block-columns-is-layout-flex\">\n<div class=\"wp-block-column is-vertically-aligned-top is-layout-flow wp-container-core-column-layout-1 wp-block-column-is-layout-flow\">\n<figure class=\"wp-block-image aligncenter size-large\"><img decoding=\"async\" src=\"https:\/\/orhanarik.com\/wp-content\/uploads\/2022\/11\/building.svg\" alt=\"\" class=\"wp-image-547\"\/><\/figure>\n\n\n\n<h3 class=\"wp-block-heading has-text-align-center\" style=\"margin-top:16px\">Ara\u015ft\u0131rma ve Analiz<\/h3>\n\n\n\n<p class=\"has-text-align-center\">Projenizle ilgili saha ara\u015ft\u0131rmas\u0131 ve detayl\u0131 analizle, projenizi benzer projelerden ay\u0131r\u0131p \u00f6ne \u00e7\u0131karacak sonu\u00e7lara ula\u015f\u0131r\u0131z. Sizinle beraber projenize uzaktan bak\u0131yoruz.<\/p>\n<\/div>\n\n\n\n<div class=\"wp-block-column is-vertically-aligned-top is-layout-flow wp-container-core-column-layout-2 wp-block-column-is-layout-flow\">\n<figure class=\"wp-block-image aligncenter size-large\"><img decoding=\"async\" src=\"https:\/\/orhanarik.com\/wp-content\/uploads\/2022\/11\/shopping-bag.svg\" alt=\"\" class=\"wp-image-548\"\/><\/figure>\n\n\n\n<h3 class=\"wp-block-heading has-text-align-center\" style=\"margin-top:16px\">Geli\u015ftirme<\/h3>\n\n\n\n<p class=\"has-text-align-center\">Ba\u015far\u0131l\u0131 ekibimiz taraf\u0131ndan projenize dair aray\u00fcz\u00fcn yap\u0131s\u0131n\u0131 eksiksiz ve kullan\u0131ma haz\u0131r bi\u00e7imde olu\u015fturup kurulumunu tamamlar\u0131z.<\/p>\n<\/div>\n\n\n\n<div class=\"wp-block-column is-vertically-aligned-top is-layout-flow wp-container-core-column-layout-3 wp-block-column-is-layout-flow\">\n<figure class=\"wp-block-image aligncenter size-large\"><img decoding=\"async\" src=\"https:\/\/orhanarik.com\/wp-content\/uploads\/2022\/11\/blog.svg\" alt=\"\" class=\"wp-image-549\"\/><\/figure>\n\n\n\n<h3 class=\"wp-block-heading has-text-align-center\" style=\"margin-top:16px\">Yay\u0131n<\/h3>\n\n\n\n<p class=\"has-text-align-center\">Olu\u015fturulan projeyi testlere sokup tamamland\u0131\u011f\u0131n\u0131 d\u00fc\u015f\u00fcnd\u00fc\u011f\u00fcm\u00fczde sizin de onay\u0131n\u0131z\u0131n ard\u0131ndan dijital d\u00fcnyada yay\u0131na \u00e7\u0131kar\u0131r\u0131z.<\/p>\n<\/div>\n\n\n\n<div class=\"wp-block-column is-vertically-aligned-top is-layout-flow wp-container-core-column-layout-4 wp-block-column-is-layout-flow\">\n<figure class=\"wp-block-image aligncenter size-large\"><img decoding=\"async\" src=\"https:\/\/orhanarik.com\/wp-content\/uploads\/2022\/11\/portfolio.svg\" alt=\"\" class=\"wp-image-137\"\/><\/figure>\n\n\n\n<h3 class=\"wp-block-heading has-text-align-center\" style=\"margin-top:16px\">M\u00fc\u015fteri Memnuniyeti<\/h3>\n\n\n\n<p class=\"has-text-align-center\">\u00c7al\u0131\u015fma yapt\u0131\u011f\u0131m\u0131z m\u00fc\u015fteriler ile geli\u015ftirme, bak\u0131m ve destek s\u00fcre\u00e7lerinde g\u00fcven ve memnuniyet ili\u015fkisini s\u00fcrd\u00fcrerek kalitemizden taviz vermiyoruz.<\/p>\n<\/div>\n<\/div>\n<\/div>\n","protected":false},"excerpt":{"rendered":"<p>Merhaba Kreatif Yaz\u0131l\u0131m web tabanl\u0131 tasar\u0131m ve yaz\u0131l\u0131m at\u00f6lyesidir. \u015eirketler, startuplar ve giri\u015fimciler i\u00e7in kurumsal, \u00f6zg\u00fcn web siteleri, web yaz\u0131l\u0131mlar\u0131 ve y\u00fcksek kaliteli grafik tasar\u0131mlar\u0131n\u0131 uygun fiyatl\u0131 olarak \u00fcretir. Bug\u00fcn profesyonel bir web sitesi edinin! Nas\u0131l \u00c7al\u0131\u015f\u0131yoruz S\u00fcre\u00e7lerimiz nas\u0131l i\u015fliyor Ara\u015ft\u0131rma ve Analiz Projenizle ilgili saha ara\u015ft\u0131rmas\u0131 ve detayl\u0131 analizle, projenizi benzer projelerden ay\u0131r\u0131p \u00f6ne &hellip;<\/p>\n<p class=\"read-more\"> <a class=\"\" href=\"https:\/\/orhanarik.com\/\"> <span class=\"screen-reader-text\">Anasayfa<\/span> Devam\u0131 &raquo;<\/a><\/p>\n","protected":false},"author":1,"featured_media":0,"parent":0,"menu_order":0,"comment_status":"closed","ping_status":"closed","template":"","meta":{"site-sidebar-layout":"no-sidebar","site-content-layout":"plain-container","ast-site-content-layout":"normal-width-container","site-content-style":"unboxed","site-sidebar-style":"unboxed","ast-global-header-display":"","ast-banner-title-visibility":"","ast-main-header-display":"","ast-hfb-above-header-display":"","ast-hfb-below-header-display":"","ast-hfb-mobile-header-display":"","site-post-title":"disabled","ast-breadcrumbs-content":"disabled","ast-featured-img":"disabled","footer-sml-layout":"","theme-transparent-header-meta":"enabled","adv-header-id-meta":"","stick-header-meta":"","header-above-stick-meta":"","header-main-stick-meta":"","header-below-stick-meta":"","astra-migrate-meta-layouts":"set","ast-page-background-enabled":"default","ast-page-background-meta":{"desktop":{"background-color":"var(--ast-global-color-4)","background-image":"","background-repeat":"repeat","background-position":"center center","background-size":"auto","background-attachment":"scroll","background-type":"","background-media":"","overlay-type":"","overlay-color":"","overlay-gradient":""},"tablet":{"background-color":"","background-image":"","background-repeat":"repeat","background-position":"center center","background-size":"auto","background-attachment":"scroll","background-type":"","background-media":"","overlay-type":"","overlay-color":"","overlay-gradient":""},"mobile":{"background-color":"","background-image":"","background-repeat":"repeat","background-position":"center center","background-size":"auto","background-attachment":"scroll","background-type":"","background-media":"","overlay-type":"","overlay-color":"","overlay-gradient":""}},"ast-content-background-meta":{"desktop":{"background-color":"var(--ast-global-color-5)","background-image":"","background-repeat":"repeat","background-position":"center center","background-size":"auto","background-attachment":"scroll","background-type":"","background-media":"","overlay-type":"","overlay-color":"","overlay-gradient":""},"tablet":{"background-color":"var(--ast-global-color-5)","background-image":"","background-repeat":"repeat","background-position":"center center","background-size":"auto","background-attachment":"scroll","background-type":"","background-media":"","overlay-type":"","overlay-color":"","overlay-gradient":""},"mobile":{"background-color":"var(--ast-global-color-5)","background-image":"","background-repeat":"repeat","background-position":"center center","background-size":"auto","background-attachment":"scroll","background-type":"","background-media":"","overlay-type":"","overlay-color":"","overlay-gradient":""}},"footnotes":""},"acf":[],"_links":{"self":[{"href":"https:\/\/orhanarik.com\/index.php\/wp-json\/wp\/v2\/pages\/555"}],"collection":[{"href":"https:\/\/orhanarik.com\/index.php\/wp-json\/wp\/v2\/pages"}],"about":[{"href":"https:\/\/orhanarik.com\/index.php\/wp-json\/wp\/v2\/types\/page"}],"author":[{"embeddable":true,"href":"https:\/\/orhanarik.com\/index.php\/wp-json\/wp\/v2\/users\/1"}],"replies":[{"embeddable":true,"href":"https:\/\/orhanarik.com\/index.php\/wp-json\/wp\/v2\/comments?post=555"}],"version-history":[{"count":6,"href":"https:\/\/orhanarik.com\/index.php\/wp-json\/wp\/v2\/pages\/555\/revisions"}],"predecessor-version":[{"id":588,"href":"https:\/\/orhanarik.com\/index.php\/wp-json\/wp\/v2\/pages\/555\/revisions\/588"}],"wp:attachment":[{"href":"https:\/\/orhanarik.com\/index.php\/wp-json\/wp\/v2\/media?parent=555"}],"curies":[{"name":"wp","href":"https:\/\/api.w.org\/{rel}","templated":true}]}}